{"id":747,"date":"2021-04-19T23:05:57","date_gmt":"2021-04-19T23:05:57","guid":{"rendered":"http:\/\/www.clinicadeolhos.net\/?page_id=747"},"modified":"2021-05-06T00:25:13","modified_gmt":"2021-05-06T00:25:13","slug":"optmap","status":"publish","type":"page","link":"http:\/\/www.clinicadeolhos.net\/?page_id=747","title":{"rendered":"Optomap"},"content":{"rendered":"\t\t<div data-elementor-type=\"wp-page\" data-elementor-id=\"747\" class=\"elementor elementor-747\">\n\t\t\t\t\t\t\t\t\t<section class=\"elementor-section elementor-top-section elementor-element elementor-element-ef04231 elementor-section-boxed elementor-section-height-default elementor-section-height-default\" data-id=\"ef04231\" data-element_type=\"section\" data-settings=\"{&quot;background_background&quot;:&quot;classic&quot;}\">\n\t\t\t\t\t\t\t<div class=\"elementor-background-overlay\"><\/div>\n\t\t\t\t\t\t\t<div class=\"elementor-container elementor-column-gap-default\">\n\t\t\t\t\t<div class=\"elementor-column elementor-col-100 elementor-top-column elementor-element elementor-element-e58e423\" data-id=\"e58e423\" data-element_type=\"column\">\n\t\t\t<div class=\"elementor-widget-wrap elementor-element-populated\">\n\t\t\t\t\t\t\t\t<div class=\"elementor-element elementor-element-9fb7292 elementor-widget elementor-widget-heading\" data-id=\"9fb7292\" data-element_type=\"widget\" data-widget_type=\"heading.default\">\n\t\t\t\t<div class=\"elementor-widget-container\">\n\t\t\t<h1 class=\"elementor-heading-title elementor-size-default\">Optomap<\/h1>\t\t<\/div>\n\t\t\t\t<\/div>\n\t\t\t\t\t<\/div>\n\t\t<\/div>\n\t\t\t\t\t\t\t<\/div>\n\t\t<\/section>\n\t\t\t\t<section class=\"elementor-section elementor-top-section elementor-element elementor-element-f7f2b54 elementor-section-boxed elementor-section-height-default elementor-section-height-default\" data-id=\"f7f2b54\" data-element_type=\"section\">\n\t\t\t\t\t\t<div class=\"elementor-container elementor-column-gap-default\">\n\t\t\t\t\t<div class=\"elementor-column elementor-col-100 elementor-top-column elementor-element elementor-element-370bda3\" data-id=\"370bda3\" data-element_type=\"column\">\n\t\t\t<div class=\"elementor-widget-wrap elementor-element-populated\">\n\t\t\t\t\t\t\t\t<section class=\"elementor-section elementor-inner-section elementor-element elementor-element-d6d7bd3 elementor-reverse-mobile elementor-section-boxed elementor-section-height-default elementor-section-height-default\" data-id=\"d6d7bd3\" data-element_type=\"section\">\n\t\t\t\t\t\t<div class=\"elementor-container elementor-column-gap-default\">\n\t\t\t\t\t<div class=\"elementor-column elementor-col-50 elementor-inner-column elementor-element elementor-element-80ebc25\" data-id=\"80ebc25\" data-element_type=\"column\">\n\t\t\t<div class=\"elementor-widget-wrap elementor-element-populated\">\n\t\t\t\t\t\t\t\t<div class=\"elementor-element elementor-element-317d50c elementor-widget elementor-widget-heading\" data-id=\"317d50c\" data-element_type=\"widget\" data-widget_type=\"heading.default\">\n\t\t\t\t<div class=\"elementor-widget-container\">\n\t\t\t<h2 class=\"elementor-heading-title elementor-size-default\"><h2 style=\"font-family: Poppins, sans-serif; font-weight: 600; line-height: 1.3em; color: rgb(55, 67, 108); font-size: 50px; font-style: normal; letter-spacing: normal; white-space: normal;\">Optomap<\/h2><\/h2>\t\t<\/div>\n\t\t\t\t<\/div>\n\t\t\t\t<div class=\"elementor-element elementor-element-c00a06e elementor-widget elementor-widget-text-editor\" data-id=\"c00a06e\" data-element_type=\"widget\" data-widget_type=\"text-editor.default\">\n\t\t\t\t<div class=\"elementor-widget-container\">\n\t\t\t\t\t\t\t<p>240% A MAIS DE VIZUALIZA\u00c7\u00c3O PARA DIAGN\u00d3STICOS DE RETINA.<\/p><p>No Norte e Nordeste, s\u00f3 a Centro da Vis\u00e3o possui o\u00a0<strong>optomap\u00a0<\/strong>\u2013 aparelho de fotografia\u00a0 tridimensional a laser para diagn\u00f3sticos da retina. Com ele, enxergamos toda a periferia ocular e detectamos degenera\u00e7\u00f5es que o exame de retinografia n\u00e3o mostra. Isso \u00e9 excel\u00eancia em tecnologia, diagn\u00f3sticos e cirurgias. E o Centro da Vis\u00e3o oferece muito mais a voc\u00ea.<\/p>\t\t\t\t\t\t<\/div>\n\t\t\t\t<\/div>\n\t\t\t\t\t<\/div>\n\t\t<\/div>\n\t\t\t\t<div class=\"elementor-column elementor-col-50 elementor-inner-column elementor-element elementor-element-1d0d8fd\" data-id=\"1d0d8fd\" data-element_type=\"column\">\n\t\t\t<div class=\"elementor-widget-wrap elementor-element-populated\">\n\t\t\t\t\t\t\t\t<div class=\"elementor-element elementor-element-d3733e7 elementor-widget elementor-widget-image\" data-id=\"d3733e7\" data-element_type=\"widget\" data-widget_type=\"image.default\">\n\t\t\t\t<div class=\"elementor-widget-container\">\n\t\t\t\t\t\t\t\t\t\t\t\t\t\t\t<img decoding=\"async\" width=\"798\" height=\"546\" src=\"https:\/\/i0.wp.com\/www.clinicadeolhos.net\/wp-content\/uploads\/2021\/05\/optomap.png?fit=798%2C546\" class=\"attachment-large size-large wp-image-1187\" alt=\"\" loading=\"lazy\" srcset=\"https:\/\/i0.wp.com\/www.clinicadeolhos.net\/wp-content\/uploads\/2021\/05\/optomap.png?w=798 798w, https:\/\/i0.wp.com\/www.clinicadeolhos.net\/wp-content\/uploads\/2021\/05\/optomap.png?resize=300%2C205 300w, https:\/\/i0.wp.com\/www.clinicadeolhos.net\/wp-content\/uploads\/2021\/05\/optomap.png?resize=768%2C525 768w\" sizes=\"(max-width: 798px) 100vw, 798px\" \/>\t\t\t\t\t\t\t\t\t\t\t\t\t\t\t<\/div>\n\t\t\t\t<\/div>\n\t\t\t\t\t<\/div>\n\t\t<\/div>\n\t\t\t\t\t\t\t<\/div>\n\t\t<\/section>\n\t\t\t\t\t<\/div>\n\t\t<\/div>\n\t\t\t\t\t\t\t<\/div>\n\t\t<\/section>\n\t\t\t\t\t\t\t<\/div>\n\t\t","protected":false},"excerpt":{"rendered":"<p>Optomap Optomap 240% A MAIS DE VIZUALIZA\u00c7\u00c3O PARA DIAGN\u00d3STICOS DE RETINA. No Norte e Nordeste, s\u00f3 a Centro da Vis\u00e3o possui o\u00a0optomap\u00a0\u2013 aparelho de fotografia\u00a0 tridimensional a laser para diagn\u00f3sticos da retina. Com ele, enxergamos toda a periferia ocular e detectamos degenera\u00e7\u00f5es que o exame de retinografia n\u00e3o mostra. Isso \u00e9 excel\u00eancia em tecnologia, diagn\u00f3sticos [&hellip;]<\/p>\n","protected":false},"author":1,"featured_media":0,"parent":0,"menu_order":0,"comment_status":"closed","ping_status":"closed","template":"elementor_header_footer","meta":{"site-sidebar-layout":"no-sidebar","site-content-layout":"page-builder","ast-site-content-layout":"default","site-content-style":"default","site-sidebar-style":"default","ast-global-header-display":"","ast-banner-title-visibility":"","ast-main-header-display":"","ast-hfb-above-header-display":"","ast-hfb-below-header-display":"","ast-hfb-mobile-header-display":"","site-post-title":"disabled","ast-breadcrumbs-content":"","ast-featured-img":"disabled","footer-sml-layout":"","ast-disable-related-posts":"","theme-transparent-header-meta":"default","adv-header-id-meta":"","stick-header-meta":"","header-above-stick-meta":"","header-main-stick-meta":"","header-below-stick-meta":"","astra-migrate-meta-layouts":"default","ast-page-background-enabled":"default","ast-page-background-meta":{"desktop":{"background-color":"","background-image":"","background-repeat":"repeat","background-position":"center center","background-size":"auto","background-attachment":"scroll","background-type":"","background-media":"","overlay-type":"","overlay-color":"","overlay-opacity":"","overlay-gradient":""},"tablet":{"background-color":"","background-image":"","background-repeat":"repeat","background-position":"center center","background-size":"auto","background-attachment":"scroll","background-type":"","background-media":"","overlay-type":"","overlay-color":"","overlay-opacity":"","overlay-gradient":""},"mobile":{"background-color":"","background-image":"","background-repeat":"repeat","background-position":"center center","background-size":"auto","background-attachment":"scroll","background-type":"","background-media":"","overlay-type":"","overlay-color":"","overlay-opacity":"","overlay-gradient":""}},"ast-content-background-meta":{"desktop":{"background-color":"var(--ast-global-color-5)","background-image":"","background-repeat":"repeat","background-position":"center center","background-size":"auto","background-attachment":"scroll","background-type":"","background-media":"","overlay-type":"","overlay-color":"","overlay-opacity":"","overlay-gradient":""},"tablet":{"background-color":"var(--ast-global-color-5)","background-image":"","background-repeat":"repeat","background-position":"center center","background-size":"auto","background-attachment":"scroll","background-type":"","background-media":"","overlay-type":"","overlay-color":"","overlay-opacity":"","overlay-gradient":""},"mobile":{"background-color":"var(--ast-global-color-5)","background-image":"","background-repeat":"repeat","background-position":"center center","background-size":"auto","background-attachment":"scroll","background-type":"","background-media":"","overlay-type":"","overlay-color":"","overlay-opacity":"","overlay-gradient":""}}},"aioseo_notices":[],"jetpack_sharing_enabled":true,"_links":{"self":[{"href":"http:\/\/www.clinicadeolhos.net\/index.php?rest_route=\/wp\/v2\/pages\/747"}],"collection":[{"href":"http:\/\/www.clinicadeolhos.net\/index.php?rest_route=\/wp\/v2\/pages"}],"about":[{"href":"http:\/\/www.clinicadeolhos.net\/index.php?rest_route=\/wp\/v2\/types\/page"}],"author":[{"embeddable":true,"href":"http:\/\/www.clinicadeolhos.net\/index.php?rest_route=\/wp\/v2\/users\/1"}],"replies":[{"embeddable":true,"href":"http:\/\/www.clinicadeolhos.net\/index.php?rest_route=%2Fwp%2Fv2%2Fcomments&post=747"}],"version-history":[{"count":5,"href":"http:\/\/www.clinicadeolhos.net\/index.php?rest_route=\/wp\/v2\/pages\/747\/revisions"}],"predecessor-version":[{"id":1190,"href":"http:\/\/www.clinicadeolhos.net\/index.php?rest_route=\/wp\/v2\/pages\/747\/revisions\/1190"}],"wp:attachment":[{"href":"http:\/\/www.clinicadeolhos.net\/index.php?rest_route=%2Fwp%2Fv2%2Fmedia&parent=747"}],"curies":[{"name":"wp","href":"https:\/\/api.w.org\/{rel}","templated":true}]}}