{"id":753,"date":"2021-04-19T23:09:56","date_gmt":"2021-04-19T23:09:56","guid":{"rendered":"http:\/\/www.clinicadeolhos.net\/?page_id=753"},"modified":"2021-05-05T03:52:55","modified_gmt":"2021-05-05T03:52:55","slug":"exames-de-diagnosticos","status":"publish","type":"page","link":"http:\/\/www.clinicadeolhos.net\/?page_id=753","title":{"rendered":"Exames de Diagn\u00f3sticos"},"content":{"rendered":"\t\t<div data-elementor-type=\"wp-page\" data-elementor-id=\"753\" class=\"elementor elementor-753\">\n\t\t\t\t\t\t\t\t\t<section class=\"elementor-section elementor-top-section elementor-element elementor-element-ace82b5 elementor-section-boxed elementor-section-height-default elementor-section-height-default\" data-id=\"ace82b5\" data-element_type=\"section\" data-settings=\"{&quot;background_background&quot;:&quot;classic&quot;}\">\n\t\t\t\t\t\t\t<div class=\"elementor-background-overlay\"><\/div>\n\t\t\t\t\t\t\t<div class=\"elementor-container elementor-column-gap-default\">\n\t\t\t\t\t<div class=\"elementor-column elementor-col-100 elementor-top-column elementor-element elementor-element-7d811ee\" data-id=\"7d811ee\" data-element_type=\"column\">\n\t\t\t<div class=\"elementor-widget-wrap elementor-element-populated\">\n\t\t\t\t\t\t\t\t<div class=\"elementor-element elementor-element-843f8ea elementor-widget elementor-widget-heading\" data-id=\"843f8ea\" data-element_type=\"widget\" data-widget_type=\"heading.default\">\n\t\t\t\t<div class=\"elementor-widget-container\">\n\t\t\t<h1 class=\"elementor-heading-title elementor-size-default\">exames de diagn\u00f3sticos<\/h1>\t\t<\/div>\n\t\t\t\t<\/div>\n\t\t\t\t\t<\/div>\n\t\t<\/div>\n\t\t\t\t\t\t\t<\/div>\n\t\t<\/section>\n\t\t\t\t<section class=\"elementor-section elementor-top-section elementor-element elementor-element-b4ba24c elementor-section-full_width elementor-section-height-default elementor-section-height-default\" data-id=\"b4ba24c\" data-element_type=\"section\">\n\t\t\t\t\t\t<div class=\"elementor-container elementor-column-gap-no\">\n\t\t\t\t\t<div class=\"elementor-column elementor-col-100 elementor-top-column elementor-element elementor-element-2ac1032\" data-id=\"2ac1032\" data-element_type=\"column\">\n\t\t\t<div class=\"elementor-widget-wrap elementor-element-populated\">\n\t\t\t\t\t\t\t\t<section class=\"elementor-section elementor-inner-section elementor-element elementor-element-dd2bc8d elementor-reverse-mobile elementor-section-full_width elementor-section-height-default elementor-section-height-default\" data-id=\"dd2bc8d\" data-element_type=\"section\">\n\t\t\t\t\t\t<div class=\"elementor-container elementor-column-gap-default\">\n\t\t\t\t\t<div class=\"elementor-column elementor-col-50 elementor-inner-column elementor-element elementor-element-8bb7139\" data-id=\"8bb7139\" data-element_type=\"column\">\n\t\t\t<div class=\"elementor-widget-wrap elementor-element-populated\">\n\t\t\t\t\t\t\t\t<div class=\"elementor-element elementor-element-1fa7b29 elementor-widget elementor-widget-heading\" data-id=\"1fa7b29\" data-element_type=\"widget\" data-widget_type=\"heading.default\">\n\t\t\t\t<div class=\"elementor-widget-container\">\n\t\t\t<h2 class=\"elementor-heading-title elementor-size-default\"><h2 style=\"font-family: Poppins, sans-serif; font-weight: 600; line-height: 1.3em; color: rgb(55, 67, 108); font-size: 50px; font-style: normal; letter-spacing: normal; white-space: normal;\">CATARATA<\/h2><\/h2>\t\t<\/div>\n\t\t\t\t<\/div>\n\t\t\t\t<div class=\"elementor-element elementor-element-8f683a3 elementor-widget elementor-widget-text-editor\" data-id=\"8f683a3\" data-element_type=\"widget\" data-widget_type=\"text-editor.default\">\n\t\t\t\t<div class=\"elementor-widget-container\">\n\t\t\t\t\t\t\t<p>Nos \u00faltimos anos, com a evolu\u00e7\u00e3o das lentes intraoculares, curamos a catarata, eliminamos o uso de \u00f3culos e lentes de contato e ainda ajudamos na corre\u00e7\u00e3o da miopia, hipermetropia, astigmatismo e presbiopia<\/p>\t\t\t\t\t\t<\/div>\n\t\t\t\t<\/div>\n\t\t\t\t\t<\/div>\n\t\t<\/div>\n\t\t\t\t<div class=\"elementor-column elementor-col-50 elementor-inner-column elementor-element elementor-element-92942c0\" data-id=\"92942c0\" data-element_type=\"column\">\n\t\t\t<div class=\"elementor-widget-wrap elementor-element-populated\">\n\t\t\t\t\t\t\t\t<div class=\"elementor-element elementor-element-5ee39a8 elementor-widget elementor-widget-image\" data-id=\"5ee39a8\" data-element_type=\"widget\" data-widget_type=\"image.default\">\n\t\t\t\t<div class=\"elementor-widget-container\">\n\t\t\t\t\t\t\t\t\t\t\t\t\t\t\t<img decoding=\"async\" width=\"688\" height=\"480\" src=\"https:\/\/i0.wp.com\/www.clinicadeolhos.net\/wp-content\/uploads\/2021\/04\/Captura-de-Tela-2021-04-29-a\u0300s-20.17.21.png?fit=688%2C480\" class=\"attachment-large size-large wp-image-944\" alt=\"\" loading=\"lazy\" srcset=\"https:\/\/i0.wp.com\/www.clinicadeolhos.net\/wp-content\/uploads\/2021\/04\/Captura-de-Tela-2021-04-29-a\u0300s-20.17.21.png?w=688 688w, https:\/\/i0.wp.com\/www.clinicadeolhos.net\/wp-content\/uploads\/2021\/04\/Captura-de-Tela-2021-04-29-a\u0300s-20.17.21.png?resize=300%2C209 300w\" sizes=\"(max-width: 688px) 100vw, 688px\" \/>\t\t\t\t\t\t\t\t\t\t\t\t\t\t\t<\/div>\n\t\t\t\t<\/div>\n\t\t\t\t\t<\/div>\n\t\t<\/div>\n\t\t\t\t\t\t\t<\/div>\n\t\t<\/section>\n\t\t\t\t<section class=\"elementor-section elementor-inner-section elementor-element elementor-element-07cf897 elementor-reverse-mobile elementor-section-full_width elementor-section-height-default elementor-section-height-default\" data-id=\"07cf897\" data-element_type=\"section\" data-settings=\"{&quot;background_background&quot;:&quot;classic&quot;}\">\n\t\t\t\t\t\t<div class=\"elementor-container elementor-column-gap-default\">\n\t\t\t\t\t<div class=\"elementor-column elementor-col-50 elementor-inner-column elementor-element elementor-element-53aace5\" data-id=\"53aace5\" data-element_type=\"column\">\n\t\t\t<div class=\"elementor-widget-wrap elementor-element-populated\">\n\t\t\t\t\t\t\t\t<div class=\"elementor-element elementor-element-d23bbf4 elementor-widget elementor-widget-image\" data-id=\"d23bbf4\" data-element_type=\"widget\" data-widget_type=\"image.default\">\n\t\t\t\t<div class=\"elementor-widget-container\">\n\t\t\t\t\t\t\t\t\t\t\t\t\t\t\t<img decoding=\"async\" width=\"676\" height=\"484\" src=\"https:\/\/i0.wp.com\/www.clinicadeolhos.net\/wp-content\/uploads\/2021\/04\/Captura-de-Tela-2021-04-29-a\u0300s-20.17.28.png?fit=676%2C484\" class=\"attachment-large size-large wp-image-945\" alt=\"\" loading=\"lazy\" srcset=\"https:\/\/i0.wp.com\/www.clinicadeolhos.net\/wp-content\/uploads\/2021\/04\/Captura-de-Tela-2021-04-29-a\u0300s-20.17.28.png?w=676 676w, https:\/\/i0.wp.com\/www.clinicadeolhos.net\/wp-content\/uploads\/2021\/04\/Captura-de-Tela-2021-04-29-a\u0300s-20.17.28.png?resize=300%2C215 300w\" sizes=\"(max-width: 676px) 100vw, 676px\" \/>\t\t\t\t\t\t\t\t\t\t\t\t\t\t\t<\/div>\n\t\t\t\t<\/div>\n\t\t\t\t\t<\/div>\n\t\t<\/div>\n\t\t\t\t<div class=\"elementor-column elementor-col-50 elementor-inner-column elementor-element elementor-element-cd3e032\" data-id=\"cd3e032\" data-element_type=\"column\">\n\t\t\t<div class=\"elementor-widget-wrap elementor-element-populated\">\n\t\t\t\t\t\t\t\t<div class=\"elementor-element elementor-element-5e25db2 elementor-widget elementor-widget-heading\" data-id=\"5e25db2\" data-element_type=\"widget\" data-widget_type=\"heading.default\">\n\t\t\t\t<div class=\"elementor-widget-container\">\n\t\t\t<h2 class=\"elementor-heading-title elementor-size-default\"><h2 style=\"font-family: Poppins, sans-serif; font-weight: 600; line-height: 1.3em; color: rgb(55, 67, 108); font-size: 50px; font-style: normal; letter-spacing: normal; white-space: normal;\">RETINA<\/h2><\/h2>\t\t<\/div>\n\t\t\t\t<\/div>\n\t\t\t\t<div class=\"elementor-element elementor-element-25b5636 elementor-widget elementor-widget-text-editor\" data-id=\"25b5636\" data-element_type=\"widget\" data-widget_type=\"text-editor.default\">\n\t\t\t\t<div class=\"elementor-widget-container\">\n\t\t\t\t\t\t\t<p>A retina \u00e9 uma fina camada de c\u00e9lulas nervosas que reveste a parte interna do olho. Com o avan\u00e7o da idade, naturalmente, a retina sofre uma degenera\u00e7\u00e3o chamada DMRI \u2013 Degenera\u00e7\u00e3o Macular Relacionada \u00e0 idade \u2013 que pode ser seca ou \u00famida. Para o exame diagn\u00f3stico, realizamos uma tomografia computadorizada \u2013 OTC. Como tratamento indica-se o uso cont\u00ednuo de vitaminas, minerais e antioxidantes, a laserterapia ou as inje\u00e7\u00f5es intra-v\u00edtreas<\/p>\t\t\t\t\t\t<\/div>\n\t\t\t\t<\/div>\n\t\t\t\t\t<\/div>\n\t\t<\/div>\n\t\t\t\t\t\t\t<\/div>\n\t\t<\/section>\n\t\t\t\t<section class=\"elementor-section elementor-inner-section elementor-element elementor-element-3d914ba elementor-reverse-mobile elementor-section-full_width elementor-section-height-default elementor-section-height-default\" data-id=\"3d914ba\" data-element_type=\"section\">\n\t\t\t\t\t\t<div class=\"elementor-container elementor-column-gap-default\">\n\t\t\t\t\t<div class=\"elementor-column elementor-col-50 elementor-inner-column elementor-element elementor-element-d807780\" data-id=\"d807780\" data-element_type=\"column\">\n\t\t\t<div class=\"elementor-widget-wrap elementor-element-populated\">\n\t\t\t\t\t\t\t\t<div class=\"elementor-element elementor-element-6ce88f1 elementor-widget elementor-widget-heading\" data-id=\"6ce88f1\" data-element_type=\"widget\" data-widget_type=\"heading.default\">\n\t\t\t\t<div class=\"elementor-widget-container\">\n\t\t\t<h2 class=\"elementor-heading-title elementor-size-default\"><h2 style=\"font-family: Poppins, sans-serif; font-weight: 600; line-height: 1.3em; color: rgb(55, 67, 108); font-size: 50px; font-style: normal; letter-spacing: normal; white-space: normal;\">GLAUCOMA<\/h2><\/h2>\t\t<\/div>\n\t\t\t\t<\/div>\n\t\t\t\t<div class=\"elementor-element elementor-element-4ca7b9f elementor-widget elementor-widget-text-editor\" data-id=\"4ca7b9f\" data-element_type=\"widget\" data-widget_type=\"text-editor.default\">\n\t\t\t\t<div class=\"elementor-widget-container\">\n\t\t\t\t\t\t\t<p>o glaucoma destr\u00f3i o nervo \u00f3ptico, afeta o campo visual e pode at\u00e9 causar cagueira. Normalmente, o glaucoma est\u00e1 associado ao aumento da press\u00e3o, aferimos a press\u00e3o ocular, fazemos um estudo campim\u00e9trico e uma tomografia \u2013 OTC \/GDX. Adota-se como tratamento col\u00edrios hipotensores, aplica\u00e7\u00f5es de laser ou at\u00e9 cirurgia<\/p>\t\t\t\t\t\t<\/div>\n\t\t\t\t<\/div>\n\t\t\t\t\t<\/div>\n\t\t<\/div>\n\t\t\t\t<div class=\"elementor-column elementor-col-50 elementor-inner-column elementor-element elementor-element-6f86be9\" data-id=\"6f86be9\" data-element_type=\"column\">\n\t\t\t<div class=\"elementor-widget-wrap elementor-element-populated\">\n\t\t\t\t\t\t\t\t<div class=\"elementor-element elementor-element-548db4e elementor-widget elementor-widget-image\" data-id=\"548db4e\" data-element_type=\"widget\" data-widget_type=\"image.default\">\n\t\t\t\t<div class=\"elementor-widget-container\">\n\t\t\t\t\t\t\t\t\t\t\t\t\t\t\t<img decoding=\"async\" width=\"664\" height=\"480\" src=\"https:\/\/i0.wp.com\/www.clinicadeolhos.net\/wp-content\/uploads\/2021\/04\/Captura-de-Tela-2021-04-29-a\u0300s-20.17.46.png?fit=664%2C480\" class=\"attachment-large size-large wp-image-946\" alt=\"\" loading=\"lazy\" srcset=\"https:\/\/i0.wp.com\/www.clinicadeolhos.net\/wp-content\/uploads\/2021\/04\/Captura-de-Tela-2021-04-29-a\u0300s-20.17.46.png?w=664 664w, https:\/\/i0.wp.com\/www.clinicadeolhos.net\/wp-content\/uploads\/2021\/04\/Captura-de-Tela-2021-04-29-a\u0300s-20.17.46.png?resize=300%2C217 300w\" sizes=\"(max-width: 664px) 100vw, 664px\" \/>\t\t\t\t\t\t\t\t\t\t\t\t\t\t\t<\/div>\n\t\t\t\t<\/div>\n\t\t\t\t\t<\/div>\n\t\t<\/div>\n\t\t\t\t\t\t\t<\/div>\n\t\t<\/section>\n\t\t\t\t<section class=\"elementor-section elementor-inner-section elementor-element elementor-element-9cf886e elementor-reverse-mobile elementor-section-full_width elementor-section-height-default elementor-section-height-default\" data-id=\"9cf886e\" data-element_type=\"section\" data-settings=\"{&quot;background_background&quot;:&quot;classic&quot;}\">\n\t\t\t\t\t\t<div class=\"elementor-container elementor-column-gap-default\">\n\t\t\t\t\t<div class=\"elementor-column elementor-col-50 elementor-inner-column elementor-element elementor-element-5b52250\" data-id=\"5b52250\" data-element_type=\"column\">\n\t\t\t<div class=\"elementor-widget-wrap elementor-element-populated\">\n\t\t\t\t\t\t\t\t<div class=\"elementor-element elementor-element-16d6d1a elementor-widget elementor-widget-image\" data-id=\"16d6d1a\" data-element_type=\"widget\" data-widget_type=\"image.default\">\n\t\t\t\t<div class=\"elementor-widget-container\">\n\t\t\t\t\t\t\t\t\t\t\t\t\t\t\t<img decoding=\"async\" width=\"678\" height=\"488\" src=\"https:\/\/i0.wp.com\/www.clinicadeolhos.net\/wp-content\/uploads\/2021\/04\/Captura-de-Tela-2021-04-29-a\u0300s-20.17.54.png?fit=678%2C488\" class=\"attachment-large size-large wp-image-947\" alt=\"\" loading=\"lazy\" srcset=\"https:\/\/i0.wp.com\/www.clinicadeolhos.net\/wp-content\/uploads\/2021\/04\/Captura-de-Tela-2021-04-29-a\u0300s-20.17.54.png?w=678 678w, https:\/\/i0.wp.com\/www.clinicadeolhos.net\/wp-content\/uploads\/2021\/04\/Captura-de-Tela-2021-04-29-a\u0300s-20.17.54.png?resize=300%2C216 300w\" sizes=\"(max-width: 678px) 100vw, 678px\" \/>\t\t\t\t\t\t\t\t\t\t\t\t\t\t\t<\/div>\n\t\t\t\t<\/div>\n\t\t\t\t\t<\/div>\n\t\t<\/div>\n\t\t\t\t<div class=\"elementor-column elementor-col-50 elementor-inner-column elementor-element elementor-element-8d92d98\" data-id=\"8d92d98\" data-element_type=\"column\">\n\t\t\t<div class=\"elementor-widget-wrap elementor-element-populated\">\n\t\t\t\t\t\t\t\t<div class=\"elementor-element elementor-element-96b3ec1 elementor-widget elementor-widget-heading\" data-id=\"96b3ec1\" data-element_type=\"widget\" data-widget_type=\"heading.default\">\n\t\t\t\t<div class=\"elementor-widget-container\">\n\t\t\t<h2 class=\"elementor-heading-title elementor-size-default\"><h2 style=\"font-family: Poppins, sans-serif; font-weight: 600; line-height: 1.3em; color: rgb(55, 67, 108); font-size: 50px; font-style: normal; letter-spacing: normal; white-space: normal;\">CERATOCONE<\/h2><\/h2>\t\t<\/div>\n\t\t\t\t<\/div>\n\t\t\t\t<div class=\"elementor-element elementor-element-3a876c4 elementor-widget elementor-widget-text-editor\" data-id=\"3a876c4\" data-element_type=\"widget\" data-widget_type=\"text-editor.default\">\n\t\t\t\t<div class=\"elementor-widget-container\">\n\t\t\t\t\t\t\t<p>O ceratocone surge entre os 10 e 20 anos de idade, apresenta sintomas como coceira e baixa acuidade visual e, muitas vezes, n\u00e3o \u00e9 detectado nos exames de rotina. N\u00e3o h\u00e1 cura para o ceratocone mas condutas cl\u00ednicas e cir\u00fargicas permitem vida normal aos pacientes. Adota-se como tratamento o CXL (Crosslink do col\u00e1geno), o implante de segmentos intraestromais ou o transplante da c\u00f3rnea<\/p>\t\t\t\t\t\t<\/div>\n\t\t\t\t<\/div>\n\t\t\t\t\t<\/div>\n\t\t<\/div>\n\t\t\t\t\t\t\t<\/div>\n\t\t<\/section>\n\t\t\t\t\t<\/div>\n\t\t<\/div>\n\t\t\t\t\t\t\t<\/div>\n\t\t<\/section>\n\t\t\t\t\t\t\t<\/div>\n\t\t","protected":false},"excerpt":{"rendered":"<p>exames de diagn\u00f3sticos CATARATA Nos \u00faltimos anos, com a evolu\u00e7\u00e3o das lentes intraoculares, curamos a catarata, eliminamos o uso de \u00f3culos e lentes de contato e ainda ajudamos na corre\u00e7\u00e3o da miopia, hipermetropia, astigmatismo e presbiopia RETINA A retina \u00e9 uma fina camada de c\u00e9lulas nervosas que reveste a parte interna do olho. Com o [&hellip;]<\/p>\n","protected":false},"author":1,"featured_media":0,"parent":0,"menu_order":0,"comment_status":"closed","ping_status":"closed","template":"elementor_header_footer","meta":{"site-sidebar-layout":"no-sidebar","site-content-layout":"page-builder","ast-site-content-layout":"default","site-content-style":"default","site-sidebar-style":"default","ast-global-header-display":"","ast-banner-title-visibility":"","ast-main-header-display":"","ast-hfb-above-header-display":"","ast-hfb-below-header-display":"","ast-hfb-mobile-header-display":"","site-post-title":"disabled","ast-breadcrumbs-content":"","ast-featured-img":"disabled","footer-sml-layout":"","ast-disable-related-posts":"","theme-transparent-header-meta":"default","adv-header-id-meta":"","stick-header-meta":"","header-above-stick-meta":"","header-main-stick-meta":"","header-below-stick-meta":"","astra-migrate-meta-layouts":"default","ast-page-background-enabled":"default","ast-page-background-meta":{"desktop":{"background-color":"","background-image":"","background-repeat":"repeat","background-position":"center center","background-size":"auto","background-attachment":"scroll","background-type":"","background-media":"","overlay-type":"","overlay-color":"","overlay-opacity":"","overlay-gradient":""},"tablet":{"background-color":"","background-image":"","background-repeat":"repeat","background-position":"center center","background-size":"auto","background-attachment":"scroll","background-type":"","background-media":"","overlay-type":"","overlay-color":"","overlay-opacity":"","overlay-gradient":""},"mobile":{"background-color":"","background-image":"","background-repeat":"repeat","background-position":"center center","background-size":"auto","background-attachment":"scroll","background-type":"","background-media":"","overlay-type":"","overlay-color":"","overlay-opacity":"","overlay-gradient":""}},"ast-content-background-meta":{"desktop":{"background-color":"var(--ast-global-color-5)","background-image":"","background-repeat":"repeat","background-position":"center center","background-size":"auto","background-attachment":"scroll","background-type":"","background-media":"","overlay-type":"","overlay-color":"","overlay-opacity":"","overlay-gradient":""},"tablet":{"background-color":"var(--ast-global-color-5)","background-image":"","background-repeat":"repeat","background-position":"center center","background-size":"auto","background-attachment":"scroll","background-type":"","background-media":"","overlay-type":"","overlay-color":"","overlay-opacity":"","overlay-gradient":""},"mobile":{"background-color":"var(--ast-global-color-5)","background-image":"","background-repeat":"repeat","background-position":"center center","background-size":"auto","background-attachment":"scroll","background-type":"","background-media":"","overlay-type":"","overlay-color":"","overlay-opacity":"","overlay-gradient":""}}},"aioseo_notices":[],"jetpack_sharing_enabled":true,"_links":{"self":[{"href":"http:\/\/www.clinicadeolhos.net\/index.php?rest_route=\/wp\/v2\/pages\/753"}],"collection":[{"href":"http:\/\/www.clinicadeolhos.net\/index.php?rest_route=\/wp\/v2\/pages"}],"about":[{"href":"http:\/\/www.clinicadeolhos.net\/index.php?rest_route=\/wp\/v2\/types\/page"}],"author":[{"embeddable":true,"href":"http:\/\/www.clinicadeolhos.net\/index.php?rest_route=\/wp\/v2\/users\/1"}],"replies":[{"embeddable":true,"href":"http:\/\/www.clinicadeolhos.net\/index.php?rest_route=%2Fwp%2Fv2%2Fcomments&post=753"}],"version-history":[{"count":5,"href":"http:\/\/www.clinicadeolhos.net\/index.php?rest_route=\/wp\/v2\/pages\/753\/revisions"}],"predecessor-version":[{"id":1125,"href":"http:\/\/www.clinicadeolhos.net\/index.php?rest_route=\/wp\/v2\/pages\/753\/revisions\/1125"}],"wp:attachment":[{"href":"http:\/\/www.clinicadeolhos.net\/index.php?rest_route=%2Fwp%2Fv2%2Fmedia&parent=753"}],"curies":[{"name":"wp","href":"https:\/\/api.w.org\/{rel}","templated":true}]}}